{"id":44,"date":"2023-11-20T12:41:37","date_gmt":"2023-11-20T11:41:37","guid":{"rendered":"https:\/\/sophrologue-aufildesoi.fr\/?page_id=44"},"modified":"2023-12-05T22:17:21","modified_gmt":"2023-12-05T21:17:21","slug":"sevrage-tabagique-par-lhypnose","status":"publish","type":"page","link":"https:\/\/sophrologue-aufildesoi.fr\/index.php\/sevrage-tabagique-par-lhypnose\/","title":{"rendered":"SEVRAGE TABAGIQUE"},"content":{"rendered":"\n<div class=\"section-wrapper\" data-id=\"ZYtwP4\"><section class=\"wp-block-gutenverse-section guten-element guten-section guten-ZYtwP4 layout-boxed align-stretch\"><div class=\"guten-background-overlay\"><\/div><div class=\"guten-shape-divider guten-shape-divider-top\"><\/div><div class=\"guten-shape-divider guten-shape-divider-bottom\"><\/div><div class=\"guten-container guten-column-gap-default\">\n<div class=\"wp-block-gutenverse-column guten-element guten-column guten-WR4Gc9\"><div class=\"guten-background-overlay\"><\/div><div class=\"sticky-wrapper\" data-id=\"WR4Gc9\"><div class=\"guten-column-wrapper\">\n<div class=\"section-wrapper\" data-id=\"cVw9Yh\"><section class=\"wp-block-gutenverse-section guten-element guten-section guten-cVw9Yh layout-boxed align-stretch\"><div class=\"guten-background-overlay\"><\/div><div class=\"guten-shape-divider guten-shape-divider-top\"><\/div><div class=\"guten-shape-divider guten-shape-divider-bottom\"><\/div><div class=\"guten-container guten-column-gap-default\">\n<div class=\"wp-block-gutenverse-column guten-element guten-column guten-Xax8OQ\"><div class=\"guten-background-overlay\"><\/div><div class=\"sticky-wrapper\" data-id=\"Xax8OQ\"><div class=\"guten-column-wrapper\">\n<h2 class=\"wp-block-heading\"><\/h2>\n<\/div><\/div><\/div>\n<\/div><\/section><\/div>\n\n\n\n<h2 class=\"wp-block-heading\" style=\"margin-top:var(--wp--preset--spacing--50);margin-bottom:var(--wp--preset--spacing--50)\"><strong>Vous prenez la d\u00e9cision d\u2019arr\u00eater la cigarette&nbsp;? <br><\/strong>Essayez le sevrage tabagique par l&#8217;hypnose.<\/h2>\n\n\n\n<p><\/p>\n\n\n\n<p><\/p>\n\n\n\n<p><\/p>\n\n\n\n<p><\/p>\n\n\n\n<p><\/p>\n\n\n\n<p><\/p>\n\n\n\n<p>Cesser de fumer est un acte r\u00e9fl\u00e9chi et je vous propose de vous accompagner vers votre lib\u00e9ration pour une nouvelle vie de non-fumeur.<\/p>\n\n\n\n<p>Votre r\u00e9ussite d\u00e9pend de votre motivation, toutes les ressources sont en vous et c\u2019est gr\u00e2ce \u00e0 l\u2019hypnose qu\u2019elles pourront se r\u00e9v\u00e9ler!<\/p>\n\n\n\n<p>J\u2019utilise un protocole <strong>efficace \u00e0 pr\u00e8s de 80%<\/strong>, sans stress et sans compensation. <br>Cette m\u00e9thode unique \u00e9prouv\u00e9e depuis plus de 10 ans permet donc \u00e0 3 personnes sur 4 de \u00abchanger de bocal\u00bb, c\u2019est \u00e0 dire de redevenir non- fumeur.<br><\/p>\n\n\n\n<h5 class=\"wp-block-heading\"><\/h5>\n\n\n\n<p><\/p>\n\n\n\n<p><\/p>\n\n\n\n<blockquote class=\"wp-block-quote is-layout-flow wp-block-quote-is-layout-flow\">\n<p class=\"has-text-align-left\">Approche diff\u00e9rente de l\u2019hypnose classique, elle se d\u00e9roule sur 2 sessions imp\u00e9rativement espac\u00e9es de 7 \u00e0 9 jours maximum.<\/p>\n<\/blockquote>\n\n\n\n<h5 class=\"wp-block-heading has-text-align-left\">Comment se d\u00e9roule le programme ?<\/h5>\n\n\n\n<p><\/p>\n\n\n\n<p><\/p>\n\n\n\n<p><\/p>\n\n\n\n<p><strong>Le premier rendez-vous dure entre 2h30 et 3h :<\/strong> l\u00e0 commence une v\u00e9ritable prise de conscience sur le conflit pr\u00e9sent entre votre conscient qui souhaite arr\u00eater de fumer et votre consommation effective de cigarettes , 10, 15, 20 fois par jour (inconscient). <\/p>\n\n\n\n<p>A l\u2019aide entre autre d\u2019un diaporama, nous \u00e9changeons (hypnose conversationnelle), puis c\u2019est la s\u00e9ance d\u2019hypnose fauteuil proprement dite qui clos cette s\u00e9ance.<\/p>\n\n\n\n<p>Entre les 2 rendez-vous, vous \u00eates libre, et acteur de votre arr\u00eat&nbsp;: une implication personnelle est demand\u00e9e. Arm\u00e9 d&#8217;audios  et d\u2019un petit livret,<\/p>\n\n\n\n<p>vous pourrez observer de profonds changements dans votre rapport \u00e0 la cigarette. Durant cette semaine, certaines personnes arr\u00eatent (20%), beaucoup ralentissent leur consommation, d&#8217;autres pas encore.<\/p>\n\n\n\n<p>Puis c\u2019est notre <strong>deuxi\u00e8me rendez-vous qui dure environ 1h30<\/strong>, avec un temps de retour  sur ces quelques jours pass\u00e9s.<\/p>\n\n\n\n<p>Gr\u00e2ce \u00e0 la s\u00e9ance d\u2019hypnose fauteuil, nous consolidons alors les bases que votre cerveau a enregistr\u00e9 les jours pr\u00e9c\u00e9dents.<\/p>\n\n\n\n<p>A l\u2019issue de cette s\u00e9ance, votre inconscient aura \u00abimprim\u00e9\u00bb le nouveau programme&nbsp;: vous \u00eates simplement revenu \u00e0 votre \u00e9tat naturel de non-fumeur.<\/p>\n\n\n\n<blockquote class=\"wp-block-quote is-layout-flow wp-block-quote-is-layout-flow\">\n<p><\/p>\n<\/blockquote>\n\n\n\n<blockquote class=\"wp-block-quote is-layout-flow wp-block-quote-is-layout-flow\">\n<p>Le seul moyen de d\u00e9couvrir les limites du possible est de s&#8217;aventurer un peu plus loin dans l&#8217;impossible.<\/p>\n\n\n\n<p>Anonyme<\/p>\n<\/blockquote>\n\n\n\n<p><\/p>\n\n\n\n<p><\/p>\n\n\n\n<p><em>Me contacter pour tout renseignement compl\u00e9mentaire.<\/em><\/p>\n\n\n\n<p><\/p>\n\n\n\n<p><\/p>\n\n\n\n<p><em>Pas de prise de rendez-vous en ligne concernant le sevrage tabagique.<\/em><\/p>\n\n\n\n<blockquote class=\"wp-block-quote is-layout-flow wp-block-quote-is-layout-flow\">\n<p><\/p>\n<\/blockquote>\n\n\n\n<p><\/p>\n\n\n\n<p><\/p>\n\n\n\n<p>         <\/p>\n\n\n\n<p><\/p>\n\n\n\n<p><br><\/p>\n\n\n\n<p>L\u2019hypnose est contre-indiqu\u00e9e en cas de pathologies telles que les troubles de la personnalit\u00e9, schizophr\u00e9nie, bipolarit\u00e9, parano\u00efa.<\/p>\n\n\n\n<p><em>L\u2019hypnoth\u00e9rapie fait partie des th\u00e9rapies br\u00e8ves s\u2019inscrivant dans la relation d\u2019aide, hors cadre m\u00e9dical et r\u00e9glement\u00e9.<\/em><\/p>\n\n\n\n<p><em> Elle ne se substitue donc en rien \u00e0 un acte ou un traitement m\u00e9dical dont elle peut \u00eatre compl\u00e9mentaire.<\/em><\/p>\n<\/div><\/div><\/div>\n<\/div><\/section><\/div>\n\n\n\n<p><\/p>\n\n\n\n<div class=\"section-wrapper\" data-id=\"1Q1mEr\"><section class=\"wp-block-gutenverse-section guten-element guten-section guten-1Q1mEr layout-boxed align-stretch\"><div class=\"guten-background-overlay\"><\/div><div class=\"guten-shape-divider guten-shape-divider-top\"><\/div><div class=\"guten-shape-divider guten-shape-divider-bottom\"><\/div><div class=\"guten-container guten-column-gap-default\">\n<div class=\"wp-block-gutenverse-column guten-element guten-column guten-kSkcuD\"><div class=\"guten-background-overlay\"><\/div><div class=\"sticky-wrapper\" data-id=\"kSkcuD\"><div class=\"guten-column-wrapper\">\n<h2 class=\"wp-block-heading\"><\/h2>\n<\/div><\/div><\/div>\n<\/div><\/section><\/div>\n","protected":false},"excerpt":{"rendered":"","protected":false},"author":1,"featured_media":0,"parent":0,"menu_order":1,"comment_status":"closed","ping_status":"closed","template":"","meta":{"footnotes":""},"class_list":["post-44","page","type-page","status-publish","hentry"],"_links":{"self":[{"href":"https:\/\/sophrologue-aufildesoi.fr\/index.php\/wp-json\/wp\/v2\/pages\/44","targetHints":{"allow":["GET"]}}],"collection":[{"href":"https:\/\/sophrologue-aufildesoi.fr\/index.php\/wp-json\/wp\/v2\/pages"}],"about":[{"href":"https:\/\/sophrologue-aufildesoi.fr\/index.php\/wp-json\/wp\/v2\/types\/page"}],"author":[{"embeddable":true,"href":"https:\/\/sophrologue-aufildesoi.fr\/index.php\/wp-json\/wp\/v2\/users\/1"}],"replies":[{"embeddable":true,"href":"https:\/\/sophrologue-aufildesoi.fr\/index.php\/wp-json\/wp\/v2\/comments?post=44"}],"version-history":[{"count":25,"href":"https:\/\/sophrologue-aufildesoi.fr\/index.php\/wp-json\/wp\/v2\/pages\/44\/revisions"}],"predecessor-version":[{"id":345,"href":"https:\/\/sophrologue-aufildesoi.fr\/index.php\/wp-json\/wp\/v2\/pages\/44\/revisions\/345"}],"wp:attachment":[{"href":"https:\/\/sophrologue-aufildesoi.fr\/index.php\/wp-json\/wp\/v2\/media?parent=44"}],"curies":[{"name":"wp","href":"https:\/\/api.w.org\/{rel}","templated":true}]}}