{"id":48,"date":"2023-11-20T12:42:53","date_gmt":"2023-11-20T11:42:53","guid":{"rendered":"https:\/\/sophrologue-aufildesoi.fr\/?page_id=48"},"modified":"2023-12-05T23:13:41","modified_gmt":"2023-12-05T22:13:41","slug":"soins-energetiques","status":"publish","type":"page","link":"https:\/\/sophrologue-aufildesoi.fr\/index.php\/soins-energetiques\/","title":{"rendered":"Soins \u00e9nerg\u00e9tiques"},"content":{"rendered":"\n<div class=\"section-wrapper\" data-id=\"g2fdsh\"><section class=\"wp-block-gutenverse-section guten-element guten-section guten-g2fdsh layout-boxed align-stretch\"><div class=\"guten-background-overlay\"><\/div><div class=\"guten-shape-divider guten-shape-divider-top\"><\/div><div class=\"guten-shape-divider guten-shape-divider-bottom\"><\/div><div class=\"guten-container guten-column-gap-default\">\n<div class=\"wp-block-gutenverse-column guten-element guten-column guten-x1G78O\"><div class=\"guten-background-overlay\"><\/div><div class=\"sticky-wrapper\" data-id=\"x1G78O\"><div class=\"guten-column-wrapper\">\n<h2 class=\"wp-block-heading\">Access Consciousness(<em>R<\/em>)<\/h2>\n\n\n\n<p>Soins de nettoyage des m\u00e9moires cellulaires par une douce activation \u00e9nerg\u00e9tique de 32 points sym\u00e9triques au niveau de la t\u00eate, front et tempes. Chaque point correspond \u00e0 un domaine de la vie ou une \u00e9motion: la joie, la cr\u00e9ativit\u00e9, la paix, le calme, la tristesse, la communication, la gu\u00e9rison, le corps&#8230;etc.<\/p>\n\n\n\n<div class=\"guten-element gutenverse-text-editor guten-z9y46W\"><div class=\"text-content-inner\">\n<p>Les bienfaits du soin:<\/p>\n\n\n\n<ul class=\"wp-block-list\" style=\"margin-top:4px;margin-bottom:4px\">\n<li>aider \u00e0 ramener une certaine fluidit\u00e9 dans sa vie, davantage de joie<\/li>\n\n\n\n<li>lib\u00e9rer des blocages, des limitations<\/li>\n\n\n\n<li>ouvrir \u00e0 de nouvelles possibilit\u00e9s tout en apaisant le mental<\/li>\n\n\n\n<li>r\u00e9duire le stress<\/li>\n<\/ul>\n\n\n\n<p><\/p>\n\n\n\n<figure class=\"wp-block-image size-full is-resized\"><img loading=\"lazy\" decoding=\"async\" width=\"170\" height=\"113\" src=\"https:\/\/sophrologue-aufildesoi.fr\/wp-content\/uploads\/2023\/12\/istockphoto-157681198-170x170-1.jpg\" alt=\"\" class=\"wp-image-347\" style=\"width:369px;height:auto\"\/><figcaption class=\"wp-element-caption\">Dandelion seed, shallow focus<\/figcaption><\/figure>\n\n\n\n<h2 class=\"wp-block-heading\" style=\"text-transform:lowercase\">Soin Facelift <kbd>C<\/kbd>onsciousness(<em>R<\/em>)<\/h2>\n\n\n\n<p>Activation de points pr\u00e9cis au niveau du visage, du cou et du d\u00e9collet\u00e9 par douce apposition des mains et des doigts.<\/p>\n\n\n\n<p>Ses bienfaits:<\/p>\n\n\n\n<ul class=\"wp-block-list\">\n<li>lisse les traits<\/li>\n\n\n\n<li>Effets sur le teint, l&#8217;\u00e9clat du visage<\/li>\n\n\n\n<li>D\u00e9tente profonde<\/li>\n\n\n\n<li>sensation de l\u00e9g\u00e8ret\u00e9<\/li>\n<\/ul>\n\n\n\n<p><em><a href=\"https:\/\/www.accessconsciousness.com\/fr\/micrositesfolder\/access-energetic-facelift\/\" data-type=\"link\" data-id=\"https:\/\/www.accessconsciousness.com\/fr\/micrositesfolder\/access-energetic-facelift\/\" target=\"_blank\" rel=\"noreferrer noopener\">Voir la m\u00e9thode Facelift<\/a><\/em><\/p>\n\n\n\n<p><\/p>\n\n\n\n<p><em>Ces soins se pratiquent confortablement allong\u00e9<\/em> <em>et s&#8217;adressent \u00e0 tous sans contre-indication.<\/em><\/p>\n\n\n\n<p><\/p>\n\n\n\n<p><\/p>\n\n\n\n<p><\/p>\n<\/div><\/div>\n<\/div><\/div><\/div>\n<\/div><\/section><\/div>\n","protected":false},"excerpt":{"rendered":"","protected":false},"author":1,"featured_media":0,"parent":0,"menu_order":0,"comment_status":"closed","ping_status":"closed","template":"","meta":{"footnotes":""},"class_list":["post-48","page","type-page","status-publish","hentry"],"_links":{"self":[{"href":"https:\/\/sophrologue-aufildesoi.fr\/index.php\/wp-json\/wp\/v2\/pages\/48","targetHints":{"allow":["GET"]}}],"collection":[{"href":"https:\/\/sophrologue-aufildesoi.fr\/index.php\/wp-json\/wp\/v2\/pages"}],"about":[{"href":"https:\/\/sophrologue-aufildesoi.fr\/index.php\/wp-json\/wp\/v2\/types\/page"}],"author":[{"embeddable":true,"href":"https:\/\/sophrologue-aufildesoi.fr\/index.php\/wp-json\/wp\/v2\/users\/1"}],"replies":[{"embeddable":true,"href":"https:\/\/sophrologue-aufildesoi.fr\/index.php\/wp-json\/wp\/v2\/comments?post=48"}],"version-history":[{"count":17,"href":"https:\/\/sophrologue-aufildesoi.fr\/index.php\/wp-json\/wp\/v2\/pages\/48\/revisions"}],"predecessor-version":[{"id":348,"href":"https:\/\/sophrologue-aufildesoi.fr\/index.php\/wp-json\/wp\/v2\/pages\/48\/revisions\/348"}],"wp:attachment":[{"href":"https:\/\/sophrologue-aufildesoi.fr\/index.php\/wp-json\/wp\/v2\/media?parent=48"}],"curies":[{"name":"wp","href":"https:\/\/api.w.org\/{rel}","templated":true}]}}